{"id":2335,"date":"2023-02-24T10:33:11","date_gmt":"2023-02-24T09:33:11","guid":{"rendered":"https:\/\/jmstaxaudit.be\/contact-packages\/"},"modified":"2023-08-10T13:34:21","modified_gmt":"2023-08-10T11:34:21","slug":"contact-packages","status":"publish","type":"page","link":"https:\/\/jmstaxaudit.be\/en\/contact-packages\/","title":{"rendered":"Contact packages"},"content":{"rendered":"\t\t<div data-elementor-type=\"wp-page\" data-elementor-id=\"2335\" class=\"elementor elementor-2335 elementor-2325\" data-elementor-post-type=\"page\">\n\t\t\t\t<div class=\"elementor-element elementor-element-10ff9c18 e-flex e-con-boxed e-con e-parent\" data-id=\"10ff9c18\" data-element_type=\"container\" data-settings=\"{&quot;content_width&quot;:&quot;boxed&quot;,&quot;_ob_use_container_extras&quot;:&quot;no&quot;,&quot;_ob_column_hoveranimator&quot;:&quot;no&quot;,&quot;_ob_glider_is_slider&quot;:&quot;no&quot;,&quot;_ob_column_has_pseudo&quot;:&quot;no&quot;,&quot;jet_parallax_layout_list&quot;:[]}\" data-core-v316-plus=\"true\">\n\t\t\t\t\t<div class=\"e-con-inner\">\n\t\t\t\t<div class=\"elementor-element elementor-element-f16efe9 ob-has-background-overlay elementor-widget elementor-widget-button\" data-id=\"f16efe9\" data-element_type=\"widget\" data-settings=\"{&quot;_ob_butterbutton_use_it&quot;:&quot;no&quot;,&quot;_ob_widget_stalker_use&quot;:&quot;no&quot;,&quot;_ob_poopart_use&quot;:&quot;yes&quot;,&quot;_ob_shadough_use&quot;:&quot;no&quot;,&quot;_ob_allow_hoveranimator&quot;:&quot;no&quot;}\" data-widget_type=\"button.default\">\n\t\t\t\t<div class=\"elementor-widget-container\">\n\t\t\t\t\t<div class=\"elementor-button-wrapper\">\n\t\t\t<a class=\"elementor-button elementor-button-link elementor-size-sm elementor-animation-shrink\" href=\"https:\/\/jmstaxaudit.be\/en\/\">\n\t\t\t\t\t\t<span class=\"elementor-button-content-wrapper\">\n\t\t\t\t\t\t<span class=\"elementor-button-text\">Back<\/span>\n\t\t<\/span>\n\t\t\t\t\t<\/a>\n\t\t<\/div>\n\t\t\t\t<\/div>\n\t\t\t\t<\/div>\n\t\t\t\t<div class=\"elementor-element elementor-element-1949256d ob-harakiri-inherit ob-has-background-overlay ob-got-stalker elementor-widget elementor-widget-heading\" data-id=\"1949256d\" data-element_type=\"widget\" data-settings=\"{&quot;_ob_widget_stalker_use&quot;:&quot;yes&quot;,&quot;_ob_use_harakiri&quot;:&quot;yes&quot;,&quot;_ob_harakiri_writing_mode&quot;:&quot;inherit&quot;,&quot;_ob_harakiri_text_clip&quot;:&quot;none&quot;,&quot;_ob_poopart_use&quot;:&quot;yes&quot;,&quot;_ob_shadough_use&quot;:&quot;no&quot;,&quot;_ob_allow_hoveranimator&quot;:&quot;no&quot;}\" data-widget_type=\"heading.default\">\n\t\t\t\t<div class=\"elementor-widget-container\">\n\t\t\t<h1 class=\"elementor-heading-title elementor-size-default\">Would you like more information from one of our experts?<\/h1>\t\t<\/div>\n\t\t\t\t<\/div>\n\t\t<div class=\"elementor-element elementor-element-78646030 e-flex e-con-boxed e-con e-parent\" data-id=\"78646030\" data-element_type=\"container\" data-settings=\"{&quot;content_width&quot;:&quot;boxed&quot;,&quot;_ob_use_container_extras&quot;:&quot;no&quot;,&quot;_ob_column_hoveranimator&quot;:&quot;no&quot;,&quot;_ob_glider_is_slider&quot;:&quot;no&quot;,&quot;_ob_column_has_pseudo&quot;:&quot;no&quot;,&quot;jet_parallax_layout_list&quot;:[]}\" data-core-v316-plus=\"true\">\n\t\t\t\t\t<div class=\"e-con-inner\">\n\t\t\t\t<div class=\"elementor-element elementor-element-77f2ee1c link_footer link_contact ob-harakiri-inherit ob-has-background-overlay elementor-widget elementor-widget-text-editor\" data-id=\"77f2ee1c\" data-element_type=\"widget\" data-settings=\"{&quot;_ob_use_harakiri&quot;:&quot;yes&quot;,&quot;_ob_harakiri_writing_mode&quot;:&quot;inherit&quot;,&quot;_ob_widget_stalker_use&quot;:&quot;no&quot;,&quot;_ob_poopart_use&quot;:&quot;yes&quot;,&quot;_ob_shadough_use&quot;:&quot;no&quot;,&quot;_ob_allow_hoveranimator&quot;:&quot;no&quot;}\" data-widget_type=\"text-editor.default\">\n\t\t\t\t<div class=\"elementor-widget-container\">\n\t\t\t\t\t\t\t<p><a href=\"tel:0032022482821\"><strong>T.<\/strong> +32 (0)2 248 28 21<\/a><\/p>\n\t\t\t\t\t\t<\/div>\n\t\t\t\t<\/div>\n\t\t\t\t<div class=\"elementor-element elementor-element-464e7532 link_footer link_contact ob-harakiri-inherit ob-has-background-overlay elementor-widget elementor-widget-text-editor\" data-id=\"464e7532\" data-element_type=\"widget\" data-settings=\"{&quot;_ob_use_harakiri&quot;:&quot;yes&quot;,&quot;_ob_harakiri_writing_mode&quot;:&quot;inherit&quot;,&quot;_ob_widget_stalker_use&quot;:&quot;no&quot;,&quot;_ob_poopart_use&quot;:&quot;yes&quot;,&quot;_ob_shadough_use&quot;:&quot;no&quot;,&quot;_ob_allow_hoveranimator&quot;:&quot;no&quot;}\" data-widget_type=\"text-editor.default\">\n\t\t\t\t<div class=\"elementor-widget-container\">\n\t\t\t\t\t\t\t<p><a href=\"mailto:info@jmstaxaudit.be\" target=\"_blank\" rel=\"noopener\"><strong>M.<\/strong> info@jmstaxaudit.be<\/a><\/p>\n\t\t\t\t\t\t<\/div>\n\t\t\t\t<\/div>\n\t\t\t\t\t<\/div>\n\t\t\t\t<\/div>\n\t\t\t\t\t<\/div>\n\t\t\t\t<\/div>\n\t\t<div class=\"elementor-element elementor-element-1d92ef77 e-flex e-con-boxed e-con e-parent\" data-id=\"1d92ef77\" data-element_type=\"container\" data-settings=\"{&quot;background_background&quot;:&quot;classic&quot;,&quot;content_width&quot;:&quot;boxed&quot;,&quot;_ob_use_container_extras&quot;:&quot;no&quot;,&quot;_ob_column_hoveranimator&quot;:&quot;no&quot;,&quot;_ob_glider_is_slider&quot;:&quot;no&quot;,&quot;_ob_column_has_pseudo&quot;:&quot;no&quot;,&quot;jet_parallax_layout_list&quot;:[]}\" data-core-v316-plus=\"true\">\n\t\t\t\t\t<div class=\"e-con-inner\">\n\t\t\t\t<div class=\"elementor-element elementor-element-d1d9962 contact ob-harakiri-inherit ob-has-background-overlay elementor-widget elementor-widget-text-editor\" data-id=\"d1d9962\" data-element_type=\"widget\" data-settings=\"{&quot;_ob_use_harakiri&quot;:&quot;yes&quot;,&quot;_ob_harakiri_writing_mode&quot;:&quot;inherit&quot;,&quot;_ob_postman_use&quot;:&quot;no&quot;,&quot;_ob_widget_stalker_use&quot;:&quot;no&quot;,&quot;_ob_poopart_use&quot;:&quot;yes&quot;,&quot;_ob_shadough_use&quot;:&quot;no&quot;,&quot;_ob_allow_hoveranimator&quot;:&quot;no&quot;}\" data-widget_type=\"text-editor.default\">\n\t\t\t\t<div class=\"elementor-widget-container\">\n\t\t\t\t\t\t\t<p><div class=\"frm_forms  with_frm_style frm_style_style-formidable\" id=\"frm_form_5_container\" data-token=\"ea4f3905b84b7c5ff2f0bbdfbf796152\">\n<form enctype=\"multipart\/form-data\" method=\"post\" class=\"frm-show-form  frm_js_validate  frm_ajax_submit  frm_pro_form \" id=\"form_contact-gnral3\"  data-token=\"ea4f3905b84b7c5ff2f0bbdfbf796152\">\n<div class=\"frm_form_fields \">\n<fieldset>\n<legend class=\"frm_screen_reader\">Contact-pack EN<\/legend>\r\n\r\n<div class=\"frm_fields_container\">\n<input type=\"hidden\" name=\"frm_action\" value=\"create\" \/>\n<input type=\"hidden\" name=\"form_id\" value=\"5\" \/>\n<input type=\"hidden\" name=\"frm_hide_fields_5\" id=\"frm_hide_fields_5\" value=\"\" \/>\n<input type=\"hidden\" name=\"form_key\" value=\"contact-gnral3\" \/>\n<input type=\"hidden\" name=\"item_meta[0]\" value=\"\" \/>\n<input type=\"hidden\" id=\"frm_submit_entry_5\" name=\"frm_submit_entry_5\" value=\"2ff762c672\" \/><input type=\"hidden\" name=\"_wp_http_referer\" value=\"\/en\/wp-json\/wp\/v2\/pages\/2335\" \/><div id=\"frm_field_50_container\" class=\"frm_form_field form-field  frm_required_field frm_top_container frm_two_col\">\r\n    <div  id=\"field_xjrra3_label\" class=\"frm_primary_label\">Are you already a JMS customer? \r\n        <span class=\"frm_required\" aria-hidden=\"true\">*<\/span>\r\n    <\/div>\r\n    <div class=\"frm_opt_container\" aria-labelledby=\"field_xjrra3_label\" role=\"radiogroup\" aria-required=\"true\">\t\t<div class=\"frm_radio\" id=\"frm_radio_50-0\"><label for=\"field_xjrra3-0\">\t\t<input type=\"radio\" name=\"item_meta[50]\" id=\"field_xjrra3-0\" value=\"Oui\"\n\t\t   data-reqmsg=\"This field cannot be empty\" data-invmsg=\"Vous \u00eates d\u00e9j\u00e0 client JMS ? is invalid\" aria-invalid=\"false\"  \/> Yes<\/label><\/div>\n\t\t<div class=\"frm_radio\" id=\"frm_radio_50-1\"><label for=\"field_xjrra3-1\">\t\t<input type=\"radio\" name=\"item_meta[50]\" id=\"field_xjrra3-1\" value=\"Non\"\n\t\t   data-reqmsg=\"This field cannot be empty\" data-invmsg=\"Vous \u00eates d\u00e9j\u00e0 client JMS ? is invalid\" aria-invalid=\"false\"  \/> No<\/label><\/div>\n<\/div>\r\n    \r\n    \r\n<\/div>\n<div id=\"frm_field_51_container\" class=\"frm_form_field  frm_html_container form-field\">Our consultants are at your disposal via your <a href=\"\/en\/customer-area\/\" target=\"_blank\" rel=\"noopener\">personal area<\/a>.<\/div>\n<div id=\"frm_field_52_container\" class=\"frm_form_field  frm_html_container form-field\">Your contact details<\/div>\n<div id=\"frm_field_53_container\" class=\"frm_form_field form-field  frm_required_field frm_top_container frm_half\">\r\n    <label for=\"field_shrno3\" id=\"field_shrno3_label\" class=\"frm_primary_label\">First name\r\n        <span class=\"frm_required\" aria-hidden=\"true\">*<\/span>\r\n    <\/label>\r\n    <input type=\"text\" id=\"field_shrno3\" name=\"item_meta[53]\" value=\"\"  data-reqmsg=\"This field cannot be empty\" aria-required=\"true\" data-invmsg=\"texte est non valide\" aria-invalid=\"false\"  \/>\r\n    \r\n    \r\n<\/div>\n<div id=\"frm_field_54_container\" class=\"frm_form_field form-field  frm_required_field frm_top_container frm_half\">\r\n    <label for=\"field_d1h713\" id=\"field_d1h713_label\" class=\"frm_primary_label\">Name\r\n        <span class=\"frm_required\" aria-hidden=\"true\">*<\/span>\r\n    <\/label>\r\n    <input type=\"text\" id=\"field_d1h713\" name=\"item_meta[54]\" value=\"\"  data-reqmsg=\"This field cannot be empty\" aria-required=\"true\" data-invmsg=\"texte est non valide\" aria-invalid=\"false\"  \/>\r\n    \r\n    \r\n<\/div>\n<div id=\"frm_field_55_container\" class=\"frm_form_field form-field  frm_required_field frm_top_container frm_half\">\r\n    <label for=\"field_qjklg3\" id=\"field_qjklg3_label\" class=\"frm_primary_label\">Email\r\n        <span class=\"frm_required\" aria-hidden=\"true\">*<\/span>\r\n    <\/label>\r\n    <input type=\"email\" id=\"field_qjklg3\" name=\"item_meta[55]\" value=\"\"  data-reqmsg=\"This field cannot be empty\" aria-required=\"true\" data-invmsg=\"Invalid email\" aria-invalid=\"false\"  \/>\r\n    \r\n    \r\n<\/div>\n<div id=\"frm_field_56_container\" class=\"frm_form_field form-field  frm_required_field frm_top_container frm_half\">\r\n    <label for=\"field_yxidp3\" id=\"field_yxidp3_label\" class=\"frm_primary_label\">Phone\r\n        <span class=\"frm_required\" aria-hidden=\"true\">*<\/span>\r\n    <\/label>\r\n    <input type=\"text\" id=\"field_yxidp3\" name=\"item_meta[56]\" value=\"\"  data-reqmsg=\"This field cannot be empty\" aria-required=\"true\" data-invmsg=\"texte est non valide\" aria-invalid=\"false\"  \/>\r\n    \r\n    \r\n<\/div>\n<div id=\"frm_field_59_container\" class=\"frm_form_field form-field  frm_required_field frm_top_container frm6 frm_first vertical_radio\">\r\n    <div  id=\"field_61yc03_label\" class=\"frm_primary_label\">You are interested in the packages\r\n        <span class=\"frm_required\" aria-hidden=\"true\">*<\/span>\r\n    <\/div>\r\n    <div class=\"frm_opt_container\" aria-labelledby=\"field_61yc03_label\" role=\"group\">\t\t<div class=\"frm_checkbox\" id=\"frm_checkbox_59-0\"><label for=\"field_61yc03-0\"><input type=\"checkbox\" name=\"item_meta[59][]\" id=\"field_61yc03-0\" value=\"Starter\"  data-reqmsg=\"This field cannot be empty\" data-invmsg=\"Vous \u00eates int\u00e9r\u00e9ss\u00e9 par le package is invalid\" aria-invalid=\"false\"   aria-required=\"true\"  \/> Starter<\/label><\/div>\n\t\t<div class=\"frm_checkbox\" id=\"frm_checkbox_59-1\"><label for=\"field_61yc03-1\"><input type=\"checkbox\" name=\"item_meta[59][]\" id=\"field_61yc03-1\" value=\"Biz\"  data-reqmsg=\"This field cannot be empty\" data-invmsg=\"Vous \u00eates int\u00e9r\u00e9ss\u00e9 par le package is invalid\" aria-invalid=\"false\"   \/> Biz<\/label><\/div>\n\t\t<div class=\"frm_checkbox\" id=\"frm_checkbox_59-2\"><label for=\"field_61yc03-2\"><input type=\"checkbox\" name=\"item_meta[59][]\" id=\"field_61yc03-2\" value=\"Expert\"  data-reqmsg=\"This field cannot be empty\" data-invmsg=\"Vous \u00eates int\u00e9r\u00e9ss\u00e9 par le package is invalid\" aria-invalid=\"false\"   \/> Expert<\/label><\/div>\n\t\t<div class=\"frm_checkbox\" id=\"frm_checkbox_59-4\"><label for=\"field_61yc03-4\"><input type=\"checkbox\" name=\"item_meta[59][]\" id=\"field_61yc03-4\" value=\"Investor\"  data-reqmsg=\"This field cannot be empty\" data-invmsg=\"Vous \u00eates int\u00e9r\u00e9ss\u00e9 par le package is invalid\" aria-invalid=\"false\"   \/> Investor<\/label><\/div>\n<\/div>\r\n    \r\n    \r\n<\/div>\n<div id=\"frm_field_60_container\" class=\"frm_form_field form-field  frm_top_container frm_half\">\r\n    <label for=\"field_3adl3\" id=\"field_3adl3_label\" class=\"frm_primary_label\">Your message\r\n        <span class=\"frm_required\" aria-hidden=\"true\"><\/span>\r\n    <\/label>\r\n    <textarea name=\"item_meta[60]\" id=\"field_3adl3\" rows=\"5\"  data-invmsg=\"Paragraphe est non valide\" aria-invalid=\"false\"  ><\/textarea>\r\n    \r\n    \r\n<\/div>\n<div id=\"frm_field_64_container\" class=\"frm_form_field form-field  frm_required_field frm_top_container vertical_radio\">\r\n    <div  id=\"field_8g1h3_label\" class=\"frm_primary_label\">\r\n        <span class=\"frm_required\" aria-hidden=\"true\"><\/span>\r\n    <\/div>\r\n    <div class=\"frm_opt_container\" aria-labelledby=\"field_8g1h3_label\" role=\"group\">\t\t<div class=\"frm_checkbox\" id=\"frm_checkbox_64-0\"><label for=\"field_8g1h3-0\"><input type=\"checkbox\" name=\"item_meta[64][]\" id=\"field_8g1h3-0\" value=\"En soumettant ce formulaire, j\u2019accepte que les informations saisies soient exploit\u00e9es dans le cadre de la relation commerciale qui peut en d\u00e9couler. Voir notre &lt;a target=&quot;_blank&quot; href=&quot;\/politique-de-confidentialite&quot;&gt;politique de confidentialit\u00e9&lt;\/a&gt;.*\"  data-reqmsg=\"This field cannot be empty\" data-invmsg=\" is invalid\" aria-invalid=\"false\"   aria-required=\"true\"  \/> By submitting this form, I agree that the information entered may be used in the context of the commercial relationship that may result from it. See our <a target=\"_blank\" href=\"\/en\/privacy-policy\">privacy policy<\/a>.*\t<\/label><\/div>\n<\/div>\r\n    \r\n    \r\n<\/div>\n<div id=\"frm_field_61_container\" class=\"frm_form_field  frm_html_container form-field\">* mandatory fields<\/div>\n<div id=\"frm_field_162_container\" class=\"frm_form_field form-field  frm_none_container\">\r\n    <label for=\"g-recaptcha-response\" id=\"field_vr6w_label\" class=\"frm_primary_label\">reCAPTCHA\r\n        <span class=\"frm_required\" aria-hidden=\"true\"><\/span>\r\n    <\/label>\r\n    <div id=\"field_vr6w\" class=\"frm-g-recaptcha\" data-sitekey=\"6Lfbi8MkAAAAAF0fodMUp5ZRyIJxhPRXzxLXKTq_\" data-size=\"invisible\" data-theme=\"light\"><\/div>\r\n    \r\n    \r\n<\/div>\n\t<input type=\"hidden\" name=\"item_key\" value=\"\" \/>\n\t\t\t\t<div class=\"frm__65c796ea4d6b5\">\n\t\t\t\t<label for=\"frm_email_5\" >\n\t\t\t\t\tIf you are human, leave this field blank.\t\t\t\t<\/label>\n\t\t\t\t<input  id=\"frm_email_5\" type=\"text\" class=\"frm_verify\" name=\"frm__65c796ea4d6b5\" value=\"\" autocomplete=\"false\"  \/>\n\t\t\t<\/div>\n\t\t<input name=\"frm_state\" type=\"hidden\" value=\"+I2AsmbCWGwAvPQQa1U2hdmmPlwPulHdDlzgEV4hgG8=\" \/><div class=\"frm_submit\">\r\n\r\n<button class=\"frm_button_submit frm_final_submit\" type=\"submit\"   formnovalidate=\"formnovalidate\">Send<\/button>\r\n\r\n\r\n<\/div><\/div>\n<\/fieldset>\n<\/div>\n<\/form>\n<\/div>\n<\/p>\n\t\t\t\t\t\t<\/div>\n\t\t\t\t<\/div>\n\t\t\t\t\t<\/div>\n\t\t\t\t<\/div>\n\t\t\t\t<\/div>\n\t\t","protected":false},"excerpt":{"rendered":"<p>Back Would you like more information from one of our experts? T. +32 (0)2 248 28 21 M. info@jmstaxaudit.be<\/p>\n","protected":false},"author":1,"featured_media":0,"parent":0,"menu_order":0,"comment_status":"closed","ping_status":"closed","template":"","meta":{"inline_featured_image":false,"footnotes":""},"class_list":["post-2335","page","type-page","status-publish","hentry"],"yoast_head":"<!-- This site is optimized with the Yoast SEO Premium plugin v22.0 (Yoast SEO v22.0) - https:\/\/yoast.com\/wordpress\/plugins\/seo\/ -->\n<title>Information &#8226; JMS Tax Audit Packages<\/title>\n<meta name=\"description\" content=\"Our experts are at your disposal to guide you towards a tailor-made solution for your books, tax and financial management.\" \/>\n<meta name=\"robots\" content=\"index, follow, max-snippet:-1, max-image-preview:large, max-video-preview:-1\" \/>\n<link rel=\"canonical\" href=\"https:\/\/jmstaxaudit.be\/en\/contact-packages\/\" \/>\n<meta property=\"og:locale\" content=\"en_US\" \/>\n<meta property=\"og:type\" content=\"article\" \/>\n<meta property=\"og:title\" content=\"Contact packages\" \/>\n<meta property=\"og:description\" content=\"Our experts are at your disposal to guide you towards a tailor-made solution for your books, tax and financial management.\" \/>\n<meta property=\"og:url\" content=\"https:\/\/jmstaxaudit.be\/en\/contact-packages\/\" \/>\n<meta property=\"og:site_name\" content=\"JMS Tax Audit\" \/>\n<meta property=\"article:publisher\" content=\"https:\/\/www.facebook.com\/people\/JMS-Tax-Audit\/100090058582417\/\" \/>\n<meta property=\"article:modified_time\" content=\"2023-08-10T11:34:21+00:00\" \/>\n<meta property=\"og:image\" content=\"https:\/\/jmstaxaudit.be\/wp-content\/uploads\/2023\/02\/jms-img-seo.png\" \/>\n\t<meta property=\"og:image:width\" content=\"1200\" \/>\n\t<meta property=\"og:image:height\" content=\"675\" \/>\n\t<meta property=\"og:image:type\" content=\"image\/png\" \/>\n<meta name=\"twitter:card\" content=\"summary_large_image\" \/>\n<meta name=\"twitter:label1\" content=\"Est. reading time\" \/>\n\t<meta name=\"twitter:data1\" content=\"1 minute\" \/>\n<script type=\"application\/ld+json\" class=\"yoast-schema-graph\">{\"@context\":\"https:\/\/schema.org\",\"@graph\":[{\"@type\":\"WebPage\",\"@id\":\"https:\/\/jmstaxaudit.be\/en\/contact-packages\/\",\"url\":\"https:\/\/jmstaxaudit.be\/en\/contact-packages\/\",\"name\":\"Information &#8226; JMS Tax Audit Packages\",\"isPartOf\":{\"@id\":\"https:\/\/jmstaxaudit.be\/en\/#website\"},\"datePublished\":\"2023-02-24T09:33:11+00:00\",\"dateModified\":\"2023-08-10T11:34:21+00:00\",\"description\":\"Our experts are at your disposal to guide you towards a tailor-made solution for your books, tax and financial management.\",\"breadcrumb\":{\"@id\":\"https:\/\/jmstaxaudit.be\/en\/contact-packages\/#breadcrumb\"},\"inLanguage\":\"en-US\",\"potentialAction\":[{\"@type\":\"ReadAction\",\"target\":[\"https:\/\/jmstaxaudit.be\/en\/contact-packages\/\"]}]},{\"@type\":\"BreadcrumbList\",\"@id\":\"https:\/\/jmstaxaudit.be\/en\/contact-packages\/#breadcrumb\",\"itemListElement\":[{\"@type\":\"ListItem\",\"position\":1,\"name\":\"Accueil\",\"item\":\"https:\/\/jmstaxaudit.be\/en\/\"},{\"@type\":\"ListItem\",\"position\":2,\"name\":\"Contact packages\"}]},{\"@type\":\"WebSite\",\"@id\":\"https:\/\/jmstaxaudit.be\/en\/#website\",\"url\":\"https:\/\/jmstaxaudit.be\/en\/\",\"name\":\"JMS Tax Audit\",\"description\":\"Notre expertise pour votre entreprise\",\"publisher\":{\"@id\":\"https:\/\/jmstaxaudit.be\/en\/#organization\"},\"alternateName\":\"JMS Tax Audit\",\"potentialAction\":[{\"@type\":\"SearchAction\",\"target\":{\"@type\":\"EntryPoint\",\"urlTemplate\":\"https:\/\/jmstaxaudit.be\/en\/?s={search_term_string}\"},\"query-input\":\"required name=search_term_string\"}],\"inLanguage\":\"en-US\"},{\"@type\":\"Organization\",\"@id\":\"https:\/\/jmstaxaudit.be\/en\/#organization\",\"name\":\"JMS Tax Audit\",\"alternateName\":\"JMS Tax Audit\",\"url\":\"https:\/\/jmstaxaudit.be\/en\/\",\"logo\":{\"@type\":\"ImageObject\",\"inLanguage\":\"en-US\",\"@id\":\"https:\/\/jmstaxaudit.be\/en\/#\/schema\/logo\/image\/\",\"url\":\"https:\/\/jmstaxaudit.be\/wp-content\/uploads\/2022\/10\/logo_taxaudit_black.svg\",\"contentUrl\":\"https:\/\/jmstaxaudit.be\/wp-content\/uploads\/2022\/10\/logo_taxaudit_black.svg\",\"width\":\"1024\",\"height\":\"1024\",\"caption\":\"JMS Tax Audit\"},\"image\":{\"@id\":\"https:\/\/jmstaxaudit.be\/en\/#\/schema\/logo\/image\/\"},\"sameAs\":[\"https:\/\/www.facebook.com\/people\/JMS-Tax-Audit\/100090058582417\/\",\"https:\/\/www.linkedin.com\/company\/jmstaxaudit\/about\/?viewAsMember=true\",\"https:\/\/www.instagram.com\/jmstaxaudit\/?igshid=YmMyMTA2M2Y\"]}]}<\/script>\n<!-- \/ Yoast SEO Premium plugin. -->","yoast_head_json":{"title":"Information &#8226; JMS Tax Audit Packages","description":"Our experts are at your disposal to guide you towards a tailor-made solution for your books, tax and financial management.","robots":{"index":"index","follow":"follow","max-snippet":"max-snippet:-1","max-image-preview":"max-image-preview:large","max-video-preview":"max-video-preview:-1"},"canonical":"https:\/\/jmstaxaudit.be\/en\/contact-packages\/","og_locale":"en_US","og_type":"article","og_title":"Contact packages","og_description":"Our experts are at your disposal to guide you towards a tailor-made solution for your books, tax and financial management.","og_url":"https:\/\/jmstaxaudit.be\/en\/contact-packages\/","og_site_name":"JMS Tax Audit","article_publisher":"https:\/\/www.facebook.com\/people\/JMS-Tax-Audit\/100090058582417\/","article_modified_time":"2023-08-10T11:34:21+00:00","og_image":[{"width":1200,"height":675,"url":"https:\/\/jmstaxaudit.be\/wp-content\/uploads\/2023\/02\/jms-img-seo.png","type":"image\/png"}],"twitter_card":"summary_large_image","twitter_misc":{"Est. reading time":"1 minute"},"schema":{"@context":"https:\/\/schema.org","@graph":[{"@type":"WebPage","@id":"https:\/\/jmstaxaudit.be\/en\/contact-packages\/","url":"https:\/\/jmstaxaudit.be\/en\/contact-packages\/","name":"Information &#8226; JMS Tax Audit Packages","isPartOf":{"@id":"https:\/\/jmstaxaudit.be\/en\/#website"},"datePublished":"2023-02-24T09:33:11+00:00","dateModified":"2023-08-10T11:34:21+00:00","description":"Our experts are at your disposal to guide you towards a tailor-made solution for your books, tax and financial management.","breadcrumb":{"@id":"https:\/\/jmstaxaudit.be\/en\/contact-packages\/#breadcrumb"},"inLanguage":"en-US","potentialAction":[{"@type":"ReadAction","target":["https:\/\/jmstaxaudit.be\/en\/contact-packages\/"]}]},{"@type":"BreadcrumbList","@id":"https:\/\/jmstaxaudit.be\/en\/contact-packages\/#breadcrumb","itemListElement":[{"@type":"ListItem","position":1,"name":"Accueil","item":"https:\/\/jmstaxaudit.be\/en\/"},{"@type":"ListItem","position":2,"name":"Contact packages"}]},{"@type":"WebSite","@id":"https:\/\/jmstaxaudit.be\/en\/#website","url":"https:\/\/jmstaxaudit.be\/en\/","name":"JMS Tax Audit","description":"Notre expertise pour votre entreprise","publisher":{"@id":"https:\/\/jmstaxaudit.be\/en\/#organization"},"alternateName":"JMS Tax Audit","potentialAction":[{"@type":"SearchAction","target":{"@type":"EntryPoint","urlTemplate":"https:\/\/jmstaxaudit.be\/en\/?s={search_term_string}"},"query-input":"required name=search_term_string"}],"inLanguage":"en-US"},{"@type":"Organization","@id":"https:\/\/jmstaxaudit.be\/en\/#organization","name":"JMS Tax Audit","alternateName":"JMS Tax Audit","url":"https:\/\/jmstaxaudit.be\/en\/","logo":{"@type":"ImageObject","inLanguage":"en-US","@id":"https:\/\/jmstaxaudit.be\/en\/#\/schema\/logo\/image\/","url":"https:\/\/jmstaxaudit.be\/wp-content\/uploads\/2022\/10\/logo_taxaudit_black.svg","contentUrl":"https:\/\/jmstaxaudit.be\/wp-content\/uploads\/2022\/10\/logo_taxaudit_black.svg","width":"1024","height":"1024","caption":"JMS Tax Audit"},"image":{"@id":"https:\/\/jmstaxaudit.be\/en\/#\/schema\/logo\/image\/"},"sameAs":["https:\/\/www.facebook.com\/people\/JMS-Tax-Audit\/100090058582417\/","https:\/\/www.linkedin.com\/company\/jmstaxaudit\/about\/?viewAsMember=true","https:\/\/www.instagram.com\/jmstaxaudit\/?igshid=YmMyMTA2M2Y"]}]}},"_links":{"self":[{"href":"https:\/\/jmstaxaudit.be\/en\/wp-json\/wp\/v2\/pages\/2335","targetHints":{"allow":["GET"]}}],"collection":[{"href":"https:\/\/jmstaxaudit.be\/en\/wp-json\/wp\/v2\/pages"}],"about":[{"href":"https:\/\/jmstaxaudit.be\/en\/wp-json\/wp\/v2\/types\/page"}],"author":[{"embeddable":true,"href":"https:\/\/jmstaxaudit.be\/en\/wp-json\/wp\/v2\/users\/1"}],"replies":[{"embeddable":true,"href":"https:\/\/jmstaxaudit.be\/en\/wp-json\/wp\/v2\/comments?post=2335"}],"version-history":[{"count":3,"href":"https:\/\/jmstaxaudit.be\/en\/wp-json\/wp\/v2\/pages\/2335\/revisions"}],"predecessor-version":[{"id":2860,"href":"https:\/\/jmstaxaudit.be\/en\/wp-json\/wp\/v2\/pages\/2335\/revisions\/2860"}],"wp:attachment":[{"href":"https:\/\/jmstaxaudit.be\/en\/wp-json\/wp\/v2\/media?parent=2335"}],"curies":[{"name":"wp","href":"https:\/\/api.w.org\/{rel}","templated":true}]}}